{"id":181,"date":"2018-06-07T08:03:10","date_gmt":"2018-06-07T08:03:10","guid":{"rendered":"http:\/\/kimloaihungcuong.com\/?page_id=181"},"modified":"2018-09-10T02:41:32","modified_gmt":"2018-09-10T02:41:32","slug":"gioi-thieu","status":"publish","type":"page","link":"https:\/\/kimloaihungcuong.com\/?page_id=181","title":{"rendered":"GI\u1edaI THI\u1ec6U"},"content":{"rendered":"<p><img loading=\"lazy\" decoding=\"async\" class=\" wp-image-296 aligncenter\" src=\"http:\/\/kimloaihungcuong.com\/wp-content\/uploads\/2018\/06\/gioi-thieu.png\" alt=\"\" width=\"687\" height=\"213\" srcset=\"https:\/\/kimloaihungcuong.com\/wp-content\/uploads\/2018\/06\/gioi-thieu.png 612w, https:\/\/kimloaihungcuong.com\/wp-content\/uploads\/2018\/06\/gioi-thieu-300x93.png 300w\" sizes=\"(max-width: 687px) 100vw, 687px\" \/><\/p>\n<table style=\"border-collapse: collapse; width: 100%;\" border=\"1\">\n<tbody>\n<tr>\n<td style=\"width: 30.7471%;\"><img loading=\"lazy\" decoding=\"async\" class=\"size-full wp-image-730 alignright\" src=\"http:\/\/kimloaihungcuong.com\/wp-content\/uploads\/2018\/09\/34e11a526c13824ddb02.jpg\" alt=\"\" width=\"160\" height=\"160\" srcset=\"https:\/\/kimloaihungcuong.com\/wp-content\/uploads\/2018\/09\/34e11a526c13824ddb02.jpg 160w, https:\/\/kimloaihungcuong.com\/wp-content\/uploads\/2018\/09\/34e11a526c13824ddb02-150x150.jpg 150w\" sizes=\"(max-width: 160px) 100vw, 160px\" \/><\/td>\n<td style=\"width: 44.1092%;\"><img loading=\"lazy\" decoding=\"async\" class=\"size-medium wp-image-732 alignleft\" src=\"http:\/\/kimloaihungcuong.com\/wp-content\/uploads\/2018\/09\/4c5a40e5b03c5162082d-300x128.jpg\" alt=\"\" width=\"300\" height=\"128\" srcset=\"https:\/\/kimloaihungcuong.com\/wp-content\/uploads\/2018\/09\/4c5a40e5b03c5162082d-300x128.jpg 300w, https:\/\/kimloaihungcuong.com\/wp-content\/uploads\/2018\/09\/4c5a40e5b03c5162082d-768x327.jpg 768w, https:\/\/kimloaihungcuong.com\/wp-content\/uploads\/2018\/09\/4c5a40e5b03c5162082d-1024x435.jpg 1024w, https:\/\/kimloaihungcuong.com\/wp-content\/uploads\/2018\/09\/4c5a40e5b03c5162082d-696x296.jpg 696w, https:\/\/kimloaihungcuong.com\/wp-content\/uploads\/2018\/09\/4c5a40e5b03c5162082d-1068x454.jpg 1068w, https:\/\/kimloaihungcuong.com\/wp-content\/uploads\/2018\/09\/4c5a40e5b03c5162082d-988x420.jpg 988w, https:\/\/kimloaihungcuong.com\/wp-content\/uploads\/2018\/09\/4c5a40e5b03c5162082d.jpg 1103w\" sizes=\"(max-width: 300px) 100vw, 300px\" \/><\/td>\n<\/tr>\n<\/tbody>\n<\/table>\n<p><strong>C\u00d4NG TY TNHH KIM LO\u1ea0I H\u00d9NG C\u01af\u1edcNG<\/strong><br \/>\nK\u00ednh g\u1eedi qu\u00fd kh\u00e1ch h\u00e0ng.<br \/>\nTr\u01b0\u1edbc ti\u00ean, <strong>C\u00d4NG TY TNHH KIM LO\u1ea0I H\u00d9NG C\u01af\u1edcNG<\/strong> xin g\u1eedi l\u1eddi ch\u00fac m\u1eebng s\u1ee9c kh\u1ecfe th\u00e0nh c\u00f4ng v\u00e0 th\u1ecbnh v\u01b0\u1ee3ng t\u1edbi t\u1ea5t c\u1ea3 Qu\u00fd kh\u00e1ch h\u00e0ng.<br \/>\n<strong>C\u00f4ng ty TNHH Kim Lo\u1ea1i H\u00f9ng C\u01b0\u1eddng<\/strong> \u0111\u01b0\u1ee3c th\u00e0nh l\u1eadp theo gi\u1ea5y ph\u00e9p KD s\u1ed1 0314.908.515.<br \/>\nTr\u1ee5 s\u1edf t\u1ea1i : S\u1ed1 2\/36 \u0111\u01b0\u1eddng 17, t\u1ed5 3, khu ph\u1ed1 5, ph\u01b0\u1eddng Linh Trung, Qu\u1eadn Th\u1ee7 \u0110\u1ee9c. TP H\u1ed3 Ch\u00ed Minh<br \/>\nNh\u1eb1m \u0111\u00e1p \u1ee9ng nhu c\u1ea7u th\u1ef1c ti\u1ec5n c\u1ee7a kh\u00e1ch h\u00e0ng trong nhi\u1ec1u l\u0129nh v\u1ef1c, ng\u00e0nh ngh\u1ec1 kh\u00e1c nhau , C\u00f4ng ty ch\u00fang t\u00f4i chuy\u00ean nh\u1eadp kh\u1ea9u v\u00e0 ph\u00e2n ph\u1ed1i th\u00e9p kh\u00f4ng g\u1ec9 (Inox) chuy\u00ean nghi\u1ec7p t\u1ea1i Vi\u1ec7t Nam v\u1edbi nhi\u1ec1u m\u00e1c th\u00e9p v\u00e0 ch\u1ee7ng lo\u1ea1i nh\u01b0 :<br \/>\nC\u00e1c lo\u1ea1i m\u00e1c th\u00e9p th\u00f4ng d\u1ee5ng : 201, 430, 304\/304L, 316\/316L, 310\/310S, 301 \u2026<br \/>\n&#8211; Th\u00e9p kh\u00f4ng g\u1ec9 da\u0323ng t\u1ea5m \u2013 cu\u00f4\u0323n<br \/>\n&#8211; Th\u00e9p kh\u00f4ng g\u1ec9 da\u0323ng \u00f4\u0301ng h\u00e0n, \u0111\u00fac, trang tr\u00ed va\u0300 vi sinh.Ph\u1ee5 ki\u1ec7n c\u00e1c lo\u1ea1i<br \/>\n&#8211; The\u0301p kh\u00f4ng gi\u0309 h\u00f4\u0323p vu\u00f4ng , ch\u01b0\u0303 nh\u00e2\u0323t, di\u0323 hi\u0300nh. d\u1ea1ng thanh tr\u00f2n \u0111\u1eb7c (lap), d\u00e2y, d\u00e2y c\u00e1p, d\u00e2y x\u00edch, thanh V, thanh U, thanh C, thanh vu\u00f4ng \u0111\u0103\u0323c , La \u0111u\u0301c , Lu\u0323c gia\u0301c\u2026..<br \/>\nXu\u1ea5t x\u1ee9 h\u00e0ng h\u00f3a Ch\u00e2u \u00c2u , Ch\u00e2u \u00c1 nh\u01b0 : India , Acerinox , Yusco , Posco , Nippon, Kawasaki, Nippon Steel, Outokumpu \u2026<br \/>\nV\u1edbi \u0111\u1ed9i ng\u0169 nh\u00e2n vi\u00ean kinh doanh chuy\u00ean nghi\u1ec7p v\u1edbi tr\u00ecnh \u0111\u1ed9 chuy\u00ean m\u00f4n cao, am hi\u1ec3u v\u1ec1 s\u1ea3n ph\u1ea9m k\u1ef9 thu\u1eadt, ch\u00fang t\u00f4i c\u00f3 \u0111\u1ee7 kh\u1ea3 n\u0103ng \u0111\u00e1p \u1ee9ng m\u1ecdi nhu c\u1ea7u v\u1eadt t\u01b0 c\u1ee7a c\u00e1c c\u00f4ng tr\u00ecnh v\u1edbi nh\u1eefng y\u00eau c\u1ea7u kh\u1eaft khe v\u1ec1 ch\u1ea5t l\u01b0\u1ee3ng c\u1ee7a Qu\u00fd kh\u00e1ch h\u00e0ng. \u0110\u1ebfn v\u1edbi C\u00f4ng ty H\u00f9ng C\u01b0\u1eddng qu\u00fd kh\u00e1ch s\u1ebd nh\u1eadn \u0111\u01b0\u1ee3c s\u1ef1 h\u00e0i l\u00f2ng tuy\u1ec7t \u0111\u1ed1i :<br \/>\n\u2022 S\u1ea3n ph\u1ea9m \u0111a d\u1ea1ng &#8211; ch\u1ea5t l\u01b0\u1ee3ng &#8211; gi\u00e1 c\u1ea3 h\u1ee3p l\u00fd.<br \/>\n\u2022 Ph\u1ee5c v\u1ee5 kh\u00e1ch h\u00e0ng cho d\u00f9 l\u00e0 \u0111\u01a1n h\u00e0ng nh\u1ecf nh\u1ea5t.<br \/>\n\u2022 D\u1ecbch v\u1ee5 ch\u0103m s\u00f3c kh\u00e1ch h\u00e0ng, b\u1ea3o tr\u00ec,b\u1ea3o h\u00e0nh lu\u00f4n l\u00e0m h\u00e0i l\u00f2ng kh\u00e1ch h\u00e0ng.<br \/>\n\u2022 \u0110\u1ed9i ng\u0169 c\u00f4ng nh\u00e2n vi\u00ean tay ngh\u1ec1 cao v\u1ec1 s\u1ef1 th\u1ea9m m\u1ef9 \u0111\u00e1p \u1ee9ng nhu c\u1ea7u v\u1ec1 \u0111\u1ed9 s\u1eafc s\u1ea3o.<br \/>\n\u2022 \u0110\u1ed9i ng\u0169 nh\u00e2n s\u1ef1 gi\u00e0u kinh nghi\u1ec7m, nh\u1ecb\u00eat t\u00ecnh v\u00e0 \u0111\u1ea7y tr\u00e1ch nhi\u1ec7m trong c\u00f4ng vi\u1ec7c.<br \/>\nHy v\u1ecdng C\u00f4ng ty H\u00f9ng C\u01b0\u1eddng lu\u00f4n \u0111\u1ed3ng h\u00e0nh c\u00f9ng s\u1ef1 ph\u00e1t tri\u1ec3n th\u1ecbnh v\u01b0\u1ee3ng c\u1ee7a qu\u00fd kh\u00e1ch h\u00e0ng.<br \/>\n<strong>Tr\u00e2n tr\u1ecdng.<\/strong><\/p>\n","protected":false},"excerpt":{"rendered":"<p>C\u00d4NG TY TNHH KIM LO\u1ea0I H\u00d9NG C\u01af\u1edcNG K\u00ednh g\u1eedi qu\u00fd kh\u00e1ch h\u00e0ng. Tr\u01b0\u1edbc ti\u00ean, C\u00d4NG TY TNHH KIM LO\u1ea0I H\u00d9NG C\u01af\u1edcNG xin g\u1eedi l\u1eddi ch\u00fac m\u1eebng s\u1ee9c kh\u1ecfe th\u00e0nh c\u00f4ng v\u00e0 th\u1ecbnh v\u01b0\u1ee3ng t\u1edbi t\u1ea5t c\u1ea3 Qu\u00fd kh\u00e1ch h\u00e0ng. C\u00f4ng ty TNHH Kim Lo\u1ea1i H\u00f9ng C\u01b0\u1eddng \u0111\u01b0\u1ee3c th\u00e0nh l\u1eadp theo gi\u1ea5y ph\u00e9p KD s\u1ed1 0314.908.515. [&hellip;]<\/p>\n","protected":false},"author":1,"featured_media":0,"parent":0,"menu_order":0,"comment_status":"closed","ping_status":"closed","template":"","meta":{"amp_status":"","footnotes":""},"_links":{"self":[{"href":"https:\/\/kimloaihungcuong.com\/index.php?rest_route=\/wp\/v2\/pages\/181"}],"collection":[{"href":"https:\/\/kimloaihungcuong.com\/index.php?rest_route=\/wp\/v2\/pages"}],"about":[{"href":"https:\/\/kimloaihungcuong.com\/index.php?rest_route=\/wp\/v2\/types\/page"}],"author":[{"embeddable":true,"href":"https:\/\/kimloaihungcuong.com\/index.php?rest_route=\/wp\/v2\/users\/1"}],"replies":[{"embeddable":true,"href":"https:\/\/kimloaihungcuong.com\/index.php?rest_route=%2Fwp%2Fv2%2Fcomments&post=181"}],"version-history":[{"count":0,"href":"https:\/\/kimloaihungcuong.com\/index.php?rest_route=\/wp\/v2\/pages\/181\/revisions"}],"wp:attachment":[{"href":"https:\/\/kimloaihungcuong.com\/index.php?rest_route=%2Fwp%2Fv2%2Fmedia&parent=181"}],"curies":[{"name":"wp","href":"https:\/\/api.w.org\/{rel}","templated":true}]}}