{"id":145,"date":"2018-06-07T07:31:11","date_gmt":"2018-06-07T07:31:11","guid":{"rendered":"http:\/\/kimloaihungcuong.com\/?page_id=145"},"modified":"2018-06-18T07:50:09","modified_gmt":"2018-06-18T07:50:09","slug":"inox-310-310s","status":"publish","type":"page","link":"https:\/\/kimloaihungcuong.com\/?page_id=145","title":{"rendered":"Inox 301"},"content":{"rendered":"<p>Inox 301 th\u01b0\u1eddng \u0111\u01b0\u1ee3c cung c\u1ea5p d\u01b0\u1edbi d\u1ea1ng d\u1ea3i v\u00e0 d\u00e2y, c\u00f3 \u0111\u1ed9 b\u1ec1n k\u00e9o l\u00ean t\u1edbi 1800 Mpa, \u0111\u1ec3 s\u1ea3n xu\u1ea5t c\u00e1c lo\u1ea1i s\u1ea3n ph\u1ea9m kh\u00e1c nhau, t\u1eeb 1\/16H \u0111\u1ebfn Full Hard. C\u00e1c l\u1edbp 301 c\u00f3 kh\u1ea3 n\u0103ng duy tr\u00ec \u0111\u1ee7 \u0111\u1ed9 d\u1ebbo, \u0111\u1ed9 c\u1ee9ng v\u00e0 \u0111\u1ed9 \u0111\u00e0n h\u1ed3i (Inox \u0111\u00e0n h\u1ed3i). Do \u0111\u00f3 Inox 301 c\u00f3 th\u1ec3 \u0111\u01b0\u1ee3c s\u1eed d\u1ee5ng trong m\u00e1y bay, linh ki\u1ec7n xe \u0111\u01b0\u1eddng s\u1eaft v\u00e0 c\u00e1c c\u00f4ng tr\u00ecnh ki\u1ebfn tr\u00fac. Inox 301 c\u00f3 th\u1ec3 \u0111\u01b0\u1ee3c s\u1eed d\u1ee5ng trong c\u00e1c \u1ee9ng d\u1ee5ng \u0111\u00f2i h\u1ecfi \u0111\u1ed9 m\u00e0i m\u00f2n cao.<\/p>\n<p><img loading=\"lazy\" decoding=\"async\" class=\"alignnone size-full wp-image-298\" src=\"http:\/\/kimloaihungcuong.com\/wp-content\/uploads\/2018\/06\/INOX-301.png\" alt=\"\" width=\"619\" height=\"397\" srcset=\"https:\/\/kimloaihungcuong.com\/wp-content\/uploads\/2018\/06\/INOX-301.png 619w, https:\/\/kimloaihungcuong.com\/wp-content\/uploads\/2018\/06\/INOX-301-300x192.png 300w\" sizes=\"(max-width: 619px) 100vw, 619px\" \/><\/p>\n<p><img loading=\"lazy\" decoding=\"async\" class=\"alignnone size-full wp-image-299\" src=\"http:\/\/kimloaihungcuong.com\/wp-content\/uploads\/2018\/06\/INOX-301-2.png\" alt=\"\" width=\"619\" height=\"278\" srcset=\"https:\/\/kimloaihungcuong.com\/wp-content\/uploads\/2018\/06\/INOX-301-2.png 619w, https:\/\/kimloaihungcuong.com\/wp-content\/uploads\/2018\/06\/INOX-301-2-300x135.png 300w\" sizes=\"(max-width: 619px) 100vw, 619px\" \/><\/p>\n<p>Th\u00e0nh ph\u1ea7n h\u00f3a h\u1ecdc Inox 301 :<\/p>\n<p><img loading=\"lazy\" decoding=\"async\" class=\"alignnone size-full wp-image-316\" src=\"http:\/\/kimloaihungcuong.com\/wp-content\/uploads\/2018\/06\/2.png\" alt=\"\" width=\"775\" height=\"125\" srcset=\"https:\/\/kimloaihungcuong.com\/wp-content\/uploads\/2018\/06\/2.png 775w, https:\/\/kimloaihungcuong.com\/wp-content\/uploads\/2018\/06\/2-300x48.png 300w, https:\/\/kimloaihungcuong.com\/wp-content\/uploads\/2018\/06\/2-768x124.png 768w, https:\/\/kimloaihungcuong.com\/wp-content\/uploads\/2018\/06\/2-696x112.png 696w\" sizes=\"(max-width: 775px) 100vw, 775px\" \/><\/p>\n<p>&nbsp;<\/p>\n","protected":false},"excerpt":{"rendered":"<p>Inox 301 th\u01b0\u1eddng \u0111\u01b0\u1ee3c cung c\u1ea5p d\u01b0\u1edbi d\u1ea1ng d\u1ea3i v\u00e0 d\u00e2y, c\u00f3 \u0111\u1ed9 b\u1ec1n k\u00e9o l\u00ean t\u1edbi 1800 Mpa, \u0111\u1ec3 s\u1ea3n xu\u1ea5t c\u00e1c lo\u1ea1i s\u1ea3n ph\u1ea9m kh\u00e1c nhau, t\u1eeb 1\/16H \u0111\u1ebfn Full Hard. C\u00e1c l\u1edbp 301 c\u00f3 kh\u1ea3 n\u0103ng duy tr\u00ec \u0111\u1ee7 \u0111\u1ed9 d\u1ebbo, \u0111\u1ed9 c\u1ee9ng v\u00e0 \u0111\u1ed9 \u0111\u00e0n h\u1ed3i (Inox \u0111\u00e0n h\u1ed3i). Do \u0111\u00f3 [&hellip;]<\/p>\n","protected":false},"author":1,"featured_media":0,"parent":0,"menu_order":0,"comment_status":"closed","ping_status":"closed","template":"","meta":{"amp_status":"","footnotes":""},"_links":{"self":[{"href":"https:\/\/kimloaihungcuong.com\/index.php?rest_route=\/wp\/v2\/pages\/145"}],"collection":[{"href":"https:\/\/kimloaihungcuong.com\/index.php?rest_route=\/wp\/v2\/pages"}],"about":[{"href":"https:\/\/kimloaihungcuong.com\/index.php?rest_route=\/wp\/v2\/types\/page"}],"author":[{"embeddable":true,"href":"https:\/\/kimloaihungcuong.com\/index.php?rest_route=\/wp\/v2\/users\/1"}],"replies":[{"embeddable":true,"href":"https:\/\/kimloaihungcuong.com\/index.php?rest_route=%2Fwp%2Fv2%2Fcomments&post=145"}],"version-history":[{"count":0,"href":"https:\/\/kimloaihungcuong.com\/index.php?rest_route=\/wp\/v2\/pages\/145\/revisions"}],"wp:attachment":[{"href":"https:\/\/kimloaihungcuong.com\/index.php?rest_route=%2Fwp%2Fv2%2Fmedia&parent=145"}],"curies":[{"name":"wp","href":"https:\/\/api.w.org\/{rel}","templated":true}]}}